{"id":1191,"date":"2024-06-25T13:38:01","date_gmt":"2024-06-25T13:38:01","guid":{"rendered":"https:\/\/wp.awp-freiburg.de\/?page_id=1191"},"modified":"2024-06-25T13:46:54","modified_gmt":"2024-06-25T13:46:54","slug":"data-protection","status":"publish","type":"page","link":"https:\/\/wp.awp-freiburg.de\/de\/data-protection\/","title":{"rendered":"Datenschutzerkl\u00e4rung"},"content":{"rendered":"<div data-elementor-type=\"wp-page\" data-elementor-id=\"1191\" class=\"elementor elementor-1191\" data-elementor-post-type=\"page\">\n\t\t\t\t\t\t<section class=\"elementor-section elementor-top-section elementor-element elementor-element-b37f7fd elementor-section-boxed elementor-section-height-default elementor-section-height-default\" data-id=\"b37f7fd\" data-element_type=\"section\" data-e-type=\"section\">\n\t\t\t\t\t\t<div class=\"elementor-container elementor-column-gap-default\">\n\t\t\t\t\t<div class=\"elementor-column elementor-col-100 elementor-top-column elementor-element elementor-element-b40868b\" data-id=\"b40868b\" data-element_type=\"column\" data-e-type=\"column\">\n\t\t\t<div class=\"elementor-widget-wrap elementor-element-populated\">\n\t\t\t\t\t\t<div class=\"elementor-element elementor-element-6d4300d elementor-widget elementor-widget-spacer\" data-id=\"6d4300d\" data-element_type=\"widget\" data-e-type=\"widget\" data-widget_type=\"spacer.default\">\n\t\t\t\t<div class=\"elementor-widget-container\">\n\t\t\t\t\t\t\t<div class=\"elementor-spacer\">\n\t\t\t<div class=\"elementor-spacer-inner\"><\/div>\n\t\t<\/div>\n\t\t\t\t\t\t<\/div>\n\t\t\t\t<\/div>\n\t\t\t\t<div class=\"elementor-element elementor-element-e893a66 elementor-widget elementor-widget-heading\" data-id=\"e893a66\" data-element_type=\"widget\" data-e-type=\"widget\" data-widget_type=\"heading.default\">\n\t\t\t\t<div class=\"elementor-widget-container\">\n\t\t\t\t\t<h2 class=\"elementor-heading-title elementor-size-default\">Datenschutzerkl\u00e4rung<\/h2>\t\t\t\t<\/div>\n\t\t\t\t<\/div>\n\t\t\t\t<div class=\"elementor-element elementor-element-6e04ffd elementor-widget elementor-widget-text-editor\" data-id=\"6e04ffd\" data-element_type=\"widget\" data-e-type=\"widget\" data-widget_type=\"text-editor.default\">\n\t\t\t\t<div class=\"elementor-widget-container\">\n\t\t\t\t\t\t\t\t\t<p><span>Wir, die Arbeitsgemeinschaft Wissenschaftliche Psychotherapie in Freiburg (im Folgenden als 'AWP-Freiburg' bezeichnet) nehmen den Schutz Ihrer pers\u00f6nlichen Daten sehr ernst und halten uns strikt an die Regeln der Datenschutzgesetze. Personenbezogene Daten werden auf dieser Webseite nur im technisch notwendigen Umfang erhoben. In keinem Fall werden erhobene Daten verkauft oder aus anderen Gr\u00fcnden an Dritte weitergegeben.<\/span><\/p><p><span>Die nachfolgende Erkl\u00e4rung gibt Ihnen einen \u00dcberblick dar\u00fcber, wie wir diesen Schutz gew\u00e4hrleisten und welche Art von Daten zu welchem Zweck erhoben werden.<\/span><\/p>\t\t\t\t\t\t\t\t<\/div>\n\t\t\t\t<\/div>\n\t\t\t\t<div class=\"elementor-element elementor-element-c7474c0 elementor-widget elementor-widget-heading\" data-id=\"c7474c0\" data-element_type=\"widget\" data-e-type=\"widget\" data-widget_type=\"heading.default\">\n\t\t\t\t<div class=\"elementor-widget-container\">\n\t\t\t\t\t<h2 class=\"elementor-heading-title elementor-size-default\">Datenverarbeitung auf dieser Internetseite<\/h2>\t\t\t\t<\/div>\n\t\t\t\t<\/div>\n\t\t\t\t<div class=\"elementor-element elementor-element-2d74cd0 elementor-widget elementor-widget-text-editor\" data-id=\"2d74cd0\" data-element_type=\"widget\" data-e-type=\"widget\" data-widget_type=\"text-editor.default\">\n\t\t\t\t<div class=\"elementor-widget-container\">\n\t\t\t\t\t\t\t\t\t<p><span>Die 'AWP-Freiburg' speichert selbst keine Verbindungs-Informationen, jedoch speichert der Provider automatisch Informationen, die Ihr Browser an uns \u00fcbermittelt. Dies k\u00f6nnen sein:<\/span><\/p><ul><li><span>Browsertyp \/ Browserversion<\/span><\/li><li><span>verwendetes Betriebssystem<\/span><\/li><li><span>Referrer URL (die zuvor besuchte Seite)<\/span><\/li><li><span>Hostname des zugreifenden Rechners (IP Adresse)<\/span><\/li><li><span>Uhrzeit der Serveranfrage.<\/span><\/li><\/ul><p><span>Diese Daten sind keiner bestimmte Personen zuordbar. Eine Zusammenf\u00fchrung dieser Daten mit anderen Datenquellen wird nicht vorgenommen.<\/span><\/p><p><span>Die AWP-Freiburg speichert jedoch Ihre Daten unter Beachtung der DSGVO, die Sie bei der Registrierung angegeben haben und die bei der Anmeldung zu einem Kurs ben\u00f6tigt werden. Siese Daten werden mit h\u00f6chster Sorgfalt behandelt und zu keinem Zeitpunkt an Dritte weiter gegegebn.<\/span><\/p>\t\t\t\t\t\t\t\t<\/div>\n\t\t\t\t<\/div>\n\t\t\t\t<div class=\"elementor-element elementor-element-12b255f elementor-widget elementor-widget-heading\" data-id=\"12b255f\" data-element_type=\"widget\" data-e-type=\"widget\" data-widget_type=\"heading.default\">\n\t\t\t\t<div class=\"elementor-widget-container\">\n\t\t\t\t\t<h2 class=\"elementor-heading-title elementor-size-default\">Cookies<\/h2>\t\t\t\t<\/div>\n\t\t\t\t<\/div>\n\t\t\t\t<div class=\"elementor-element elementor-element-ee0281a elementor-widget elementor-widget-text-editor\" data-id=\"ee0281a\" data-element_type=\"widget\" data-e-type=\"widget\" data-widget_type=\"text-editor.default\">\n\t\t\t\t<div class=\"elementor-widget-container\">\n\t\t\t\t\t\t\t\t\t<p>Auf den vorliegenden Webseiten werden keinerlei Cookies verwendet.<\/p>\t\t\t\t\t\t\t\t<\/div>\n\t\t\t\t<\/div>\n\t\t\t\t<div class=\"elementor-element elementor-element-7c62110 elementor-widget elementor-widget-heading\" data-id=\"7c62110\" data-element_type=\"widget\" data-e-type=\"widget\" data-widget_type=\"heading.default\">\n\t\t\t\t<div class=\"elementor-widget-container\">\n\t\t\t\t\t<h2 class=\"elementor-heading-title elementor-size-default\">Weitere Informationen<\/h2>\t\t\t\t<\/div>\n\t\t\t\t<\/div>\n\t\t\t\t<div class=\"elementor-element elementor-element-2909c57 elementor-widget elementor-widget-text-editor\" data-id=\"2909c57\" data-element_type=\"widget\" data-e-type=\"widget\" data-widget_type=\"text-editor.default\">\n\t\t\t\t<div class=\"elementor-widget-container\">\n\t\t\t\t\t\t\t\t\t<p>Ihr Vertrauen ist uns wichtig. Daher m\u00f6chten wir Ihnen jederzeit Rede und Antwort bez\u00fcglich der Verarbeitung Ihrer personenbezogenen Daten stehen. Wenn Sie Fragen haben, die Ihnen diese Datenschutzerkl\u00e4rung nicht beantworten konnte oder wenn Sie zu einem Punkt vertiefte Informationen w\u00fcnschen, wenden Sie sich bitte jederzeit an den Datenschutzbeauftragten der 'AWP-Freiburg'<\/p>\t\t\t\t\t\t\t\t<\/div>\n\t\t\t\t<\/div>\n\t\t\t\t<div class=\"elementor-element elementor-element-9a90d39 elementor-widget elementor-widget-heading\" data-id=\"9a90d39\" data-element_type=\"widget\" data-e-type=\"widget\" data-widget_type=\"heading.default\">\n\t\t\t\t<div class=\"elementor-widget-container\">\n\t\t\t\t\t<h2 class=\"elementor-heading-title elementor-size-default\">Auskunftsrecht\n<\/h2>\t\t\t\t<\/div>\n\t\t\t\t<\/div>\n\t\t\t\t<div class=\"elementor-element elementor-element-b954a41 elementor-widget elementor-widget-text-editor\" data-id=\"b954a41\" data-element_type=\"widget\" data-e-type=\"widget\" data-widget_type=\"text-editor.default\">\n\t\t\t\t<div class=\"elementor-widget-container\">\n\t\t\t\t\t\t\t\t\t<ul><li><div class=\"container\"><div class=\"row\"><div id=\"main-content\" class=\"col-sm-12 text-left\"><p><span>Sie haben jederzeit das Recht auf Auskunft \u00fcber die bez\u00fcglich Ihrer Person gespeicherten Daten, deren Herkunft und Empf\u00e4nger sowie den Zweck der Speicherung. Auskunft \u00fcber die gespeicherten Daten gibt der Datenschutzbeauftragte von der 'AWP-Freiburg'.<\/span><\/p><\/div><\/div><\/div><div id=\"footer\" class=\"text-center\"><div id=\"awp_copyright\" class=\"row mt-3 mb-3 px-5\">\u00a0<\/div><\/div><\/li><\/ul>\t\t\t\t\t\t\t\t<\/div>\n\t\t\t\t<\/div>\n\t\t\t\t<div class=\"elementor-element elementor-element-bfbf50a elementor-widget elementor-widget-spacer\" data-id=\"bfbf50a\" data-element_type=\"widget\" data-e-type=\"widget\" data-widget_type=\"spacer.default\">\n\t\t\t\t<div class=\"elementor-widget-container\">\n\t\t\t\t\t\t\t<div class=\"elementor-spacer\">\n\t\t\t<div class=\"elementor-spacer-inner\"><\/div>\n\t\t<\/div>\n\t\t\t\t\t\t<\/div>\n\t\t\t\t<\/div>\n\t\t\t\t\t<\/div>\n\t\t<\/div>\n\t\t\t\t\t<\/div>\n\t\t<\/section>\n\t\t\t\t<\/div>","protected":false},"excerpt":{"rendered":"<p>Data protection We, the Association for Scientific Psychotherapy in Freiburg (hereinafter referred to as &#8216;AWP-Freiburg&#8217;), take the protection of your personal data very seriously and strictly adhere to the rules of data protection laws. Personal data is only collected on this website to the extent technically necessary. Under no circumstances will collected data be sold [&hellip;]<\/p>\n","protected":false},"author":2,"featured_media":0,"parent":0,"menu_order":0,"comment_status":"closed","ping_status":"closed","template":"elementor_header_footer","meta":{"_acf_changed":false,"footnotes":""},"class_list":["post-1191","page","type-page","status-publish","hentry"],"acf":[],"yoast_head":"<!-- This site is optimized with the Yoast SEO plugin v27.1.1 - https:\/\/yoast.com\/product\/yoast-seo-wordpress\/ -->\n<title>Data protection - AWP-Freiburg<\/title>\n<meta name=\"robots\" content=\"index, follow, max-snippet:-1, max-image-preview:large, max-video-preview:-1\" \/>\n<link rel=\"canonical\" href=\"https:\/\/wp.awp-freiburg.de\/de\/data-protection\/\" \/>\n<meta property=\"og:locale\" content=\"de_DE\" \/>\n<meta property=\"og:type\" content=\"article\" \/>\n<meta property=\"og:title\" content=\"Data protection - AWP-Freiburg\" \/>\n<meta property=\"og:description\" content=\"Data protection We, the Association for Scientific Psychotherapy in Freiburg (hereinafter referred to as &#8216;AWP-Freiburg&#8217;), take the protection of your personal data very seriously and strictly adhere to the rules of data protection laws. Personal data is only collected on this website to the extent technically necessary. Under no circumstances will collected data be sold [&hellip;]\" \/>\n<meta property=\"og:url\" content=\"https:\/\/wp.awp-freiburg.de\/de\/data-protection\/\" \/>\n<meta property=\"og:site_name\" content=\"AWP-Freiburg\" \/>\n<meta property=\"article:modified_time\" content=\"2024-06-25T13:46:54+00:00\" \/>\n<meta name=\"twitter:card\" content=\"summary_large_image\" \/>\n<meta name=\"twitter:label1\" content=\"Gesch\u00e4tzte Lesezeit\" \/>\n\t<meta name=\"twitter:data1\" content=\"2\u00a0Minuten\" \/>\n<script type=\"application\/ld+json\" class=\"yoast-schema-graph\">{\"@context\":\"https:\/\/schema.org\",\"@graph\":[{\"@type\":\"WebPage\",\"@id\":\"https:\/\/wp.awp-freiburg.de\/data-protection\/\",\"url\":\"https:\/\/wp.awp-freiburg.de\/data-protection\/\",\"name\":\"Data protection - AWP-Freiburg\",\"isPartOf\":{\"@id\":\"https:\/\/wp.awp-freiburg.de\/#website\"},\"datePublished\":\"2024-06-25T13:38:01+00:00\",\"dateModified\":\"2024-06-25T13:46:54+00:00\",\"breadcrumb\":{\"@id\":\"https:\/\/wp.awp-freiburg.de\/data-protection\/#breadcrumb\"},\"inLanguage\":\"de\",\"potentialAction\":[{\"@type\":\"ReadAction\",\"target\":[\"https:\/\/wp.awp-freiburg.de\/data-protection\/\"]}]},{\"@type\":\"BreadcrumbList\",\"@id\":\"https:\/\/wp.awp-freiburg.de\/data-protection\/#breadcrumb\",\"itemListElement\":[{\"@type\":\"ListItem\",\"position\":1,\"name\":\"Home\",\"item\":\"https:\/\/wp.awp-freiburg.de\/\"},{\"@type\":\"ListItem\",\"position\":2,\"name\":\"Data protection\"}]},{\"@type\":\"WebSite\",\"@id\":\"https:\/\/wp.awp-freiburg.de\/#website\",\"url\":\"https:\/\/wp.awp-freiburg.de\/\",\"name\":\"AWP-Freiburg\",\"description\":\"\",\"publisher\":{\"@id\":\"https:\/\/wp.awp-freiburg.de\/#organization\"},\"potentialAction\":[{\"@type\":\"SearchAction\",\"target\":{\"@type\":\"EntryPoint\",\"urlTemplate\":\"https:\/\/wp.awp-freiburg.de\/?s={search_term_string}\"},\"query-input\":{\"@type\":\"PropertyValueSpecification\",\"valueRequired\":true,\"valueName\":\"search_term_string\"}}],\"inLanguage\":\"de\"},{\"@type\":\"Organization\",\"@id\":\"https:\/\/wp.awp-freiburg.de\/#organization\",\"name\":\"AWP-Freiburg\",\"url\":\"https:\/\/wp.awp-freiburg.de\/\",\"logo\":{\"@type\":\"ImageObject\",\"inLanguage\":\"de\",\"@id\":\"https:\/\/wp.awp-freiburg.de\/#\/schema\/logo\/image\/\",\"url\":\"https:\/\/wp.awp-freiburg.de\/wp-content\/uploads\/2023\/01\/unnamed.png\",\"contentUrl\":\"https:\/\/wp.awp-freiburg.de\/wp-content\/uploads\/2023\/01\/unnamed.png\",\"width\":180,\"height\":131,\"caption\":\"AWP-Freiburg\"},\"image\":{\"@id\":\"https:\/\/wp.awp-freiburg.de\/#\/schema\/logo\/image\/\"}}]}<\/script>\n<!-- \/ Yoast SEO plugin. -->","yoast_head_json":{"title":"Data protection - AWP-Freiburg","robots":{"index":"index","follow":"follow","max-snippet":"max-snippet:-1","max-image-preview":"max-image-preview:large","max-video-preview":"max-video-preview:-1"},"canonical":"https:\/\/wp.awp-freiburg.de\/de\/data-protection\/","og_locale":"de_DE","og_type":"article","og_title":"Data protection - AWP-Freiburg","og_description":"Data protection We, the Association for Scientific Psychotherapy in Freiburg (hereinafter referred to as &#8216;AWP-Freiburg&#8217;), take the protection of your personal data very seriously and strictly adhere to the rules of data protection laws. Personal data is only collected on this website to the extent technically necessary. Under no circumstances will collected data be sold [&hellip;]","og_url":"https:\/\/wp.awp-freiburg.de\/de\/data-protection\/","og_site_name":"AWP-Freiburg","article_modified_time":"2024-06-25T13:46:54+00:00","twitter_card":"summary_large_image","twitter_misc":{"Gesch\u00e4tzte Lesezeit":"2\u00a0Minuten"},"schema":{"@context":"https:\/\/schema.org","@graph":[{"@type":"WebPage","@id":"https:\/\/wp.awp-freiburg.de\/data-protection\/","url":"https:\/\/wp.awp-freiburg.de\/data-protection\/","name":"Data protection - AWP-Freiburg","isPartOf":{"@id":"https:\/\/wp.awp-freiburg.de\/#website"},"datePublished":"2024-06-25T13:38:01+00:00","dateModified":"2024-06-25T13:46:54+00:00","breadcrumb":{"@id":"https:\/\/wp.awp-freiburg.de\/data-protection\/#breadcrumb"},"inLanguage":"de","potentialAction":[{"@type":"ReadAction","target":["https:\/\/wp.awp-freiburg.de\/data-protection\/"]}]},{"@type":"BreadcrumbList","@id":"https:\/\/wp.awp-freiburg.de\/data-protection\/#breadcrumb","itemListElement":[{"@type":"ListItem","position":1,"name":"Home","item":"https:\/\/wp.awp-freiburg.de\/"},{"@type":"ListItem","position":2,"name":"Data protection"}]},{"@type":"WebSite","@id":"https:\/\/wp.awp-freiburg.de\/#website","url":"https:\/\/wp.awp-freiburg.de\/","name":"AWP-Freiburg","description":"","publisher":{"@id":"https:\/\/wp.awp-freiburg.de\/#organization"},"potentialAction":[{"@type":"SearchAction","target":{"@type":"EntryPoint","urlTemplate":"https:\/\/wp.awp-freiburg.de\/?s={search_term_string}"},"query-input":{"@type":"PropertyValueSpecification","valueRequired":true,"valueName":"search_term_string"}}],"inLanguage":"de"},{"@type":"Organization","@id":"https:\/\/wp.awp-freiburg.de\/#organization","name":"AWP-Freiburg","url":"https:\/\/wp.awp-freiburg.de\/","logo":{"@type":"ImageObject","inLanguage":"de","@id":"https:\/\/wp.awp-freiburg.de\/#\/schema\/logo\/image\/","url":"https:\/\/wp.awp-freiburg.de\/wp-content\/uploads\/2023\/01\/unnamed.png","contentUrl":"https:\/\/wp.awp-freiburg.de\/wp-content\/uploads\/2023\/01\/unnamed.png","width":180,"height":131,"caption":"AWP-Freiburg"},"image":{"@id":"https:\/\/wp.awp-freiburg.de\/#\/schema\/logo\/image\/"}}]}},"_links":{"self":[{"href":"https:\/\/wp.awp-freiburg.de\/de\/wp-json\/wp\/v2\/pages\/1191","targetHints":{"allow":["GET"]}}],"collection":[{"href":"https:\/\/wp.awp-freiburg.de\/de\/wp-json\/wp\/v2\/pages"}],"about":[{"href":"https:\/\/wp.awp-freiburg.de\/de\/wp-json\/wp\/v2\/types\/page"}],"author":[{"embeddable":true,"href":"https:\/\/wp.awp-freiburg.de\/de\/wp-json\/wp\/v2\/users\/2"}],"replies":[{"embeddable":true,"href":"https:\/\/wp.awp-freiburg.de\/de\/wp-json\/wp\/v2\/comments?post=1191"}],"version-history":[{"count":4,"href":"https:\/\/wp.awp-freiburg.de\/de\/wp-json\/wp\/v2\/pages\/1191\/revisions"}],"predecessor-version":[{"id":1196,"href":"https:\/\/wp.awp-freiburg.de\/de\/wp-json\/wp\/v2\/pages\/1191\/revisions\/1196"}],"wp:attachment":[{"href":"https:\/\/wp.awp-freiburg.de\/de\/wp-json\/wp\/v2\/media?parent=1191"}],"curies":[{"name":"wp","href":"https:\/\/api.w.org\/{rel}","templated":true}]}}